{"id":631,"date":"2020-11-22T23:10:10","date_gmt":"2020-11-22T22:10:10","guid":{"rendered":"http:\/\/virginie-vallet-socio-coiffeuse.fr\/?page_id=631"},"modified":"2026-02-16T23:38:43","modified_gmt":"2026-02-16T22:38:43","slug":"virginie-vallet","status":"publish","type":"page","link":"https:\/\/virginie-vallet-socio-coiffeuse.fr\/","title":{"rendered":"Virginie Vallet"},"content":{"rendered":"\t\t<div data-elementor-type=\"wp-page\" data-elementor-id=\"631\" class=\"elementor elementor-631\">\n\t\t\t\t\t\t<section class=\"elementor-section elementor-top-section elementor-element elementor-element-fa25169 elementor-section-boxed elementor-section-height-default elementor-section-height-default\" data-id=\"fa25169\" data-element_type=\"section\" data-e-type=\"section\" data-settings=\"{&quot;animation&quot;:&quot;none&quot;}\">\n\t\t\t\t\t\t<div class=\"elementor-container elementor-column-gap-default\">\n\t\t\t\t\t<div class=\"elementor-column elementor-col-50 elementor-top-column elementor-element elementor-element-cdf2a1a\" data-id=\"cdf2a1a\" data-element_type=\"column\" data-e-type=\"column\">\n\t\t\t<div class=\"elementor-widget-wrap elementor-element-populated\">\n\t\t\t\t\t\t<div class=\"elementor-element elementor-element-7d803cb animated-slow elementor-invisible elementor-widget elementor-widget-heading\" data-id=\"7d803cb\" data-element_type=\"widget\" data-e-type=\"widget\" data-settings=\"{&quot;_animation&quot;:&quot;fadeInLeft&quot;}\" data-widget_type=\"heading.default\">\n\t\t\t\t<div class=\"elementor-widget-container\">\n\t\t\t\t\t<h2 class=\"elementor-heading-title elementor-size-default\"><a href=\"http:\/\/virginie-vallet-socio-coiffeuse.fr\/?page_id=264\">Coiffeuse \u00e0 domicile<\/a><\/h2>\t\t\t\t<\/div>\n\t\t\t\t<\/div>\n\t\t\t\t\t<\/div>\n\t\t<\/div>\n\t\t\t\t<div class=\"elementor-column elementor-col-50 elementor-top-column elementor-element elementor-element-70003c8\" data-id=\"70003c8\" data-element_type=\"column\" data-e-type=\"column\">\n\t\t\t<div class=\"elementor-widget-wrap elementor-element-populated\">\n\t\t\t\t\t\t<div class=\"elementor-element elementor-element-0b49f3c animated-slow elementor-invisible elementor-widget elementor-widget-heading\" data-id=\"0b49f3c\" data-element_type=\"widget\" data-e-type=\"widget\" data-settings=\"{&quot;_animation&quot;:&quot;fadeInRight&quot;}\" data-widget_type=\"heading.default\">\n\t\t\t\t<div class=\"elementor-widget-container\">\n\t\t\t\t\t<h2 class=\"elementor-heading-title elementor-size-default\"><a href=\"http:\/\/virginie-vallet-socio-coiffeuse.fr\/?page_id=492\">Socio-Coiffeuse<\/a><\/h2>\t\t\t\t<\/div>\n\t\t\t\t<\/div>\n\t\t\t\t\t<\/div>\n\t\t<\/div>\n\t\t\t\t\t<\/div>\n\t\t<\/section>\n\t\t\t\t<section class=\"elementor-section elementor-top-section elementor-element elementor-element-f29f034 elementor-section-boxed elementor-section-height-default elementor-section-height-default\" data-id=\"f29f034\" data-element_type=\"section\" data-e-type=\"section\">\n\t\t\t\t\t\t<div class=\"elementor-container elementor-column-gap-default\">\n\t\t\t\t\t<div class=\"elementor-column elementor-col-100 elementor-top-column elementor-element elementor-element-afe6c83\" data-id=\"afe6c83\" data-element_type=\"column\" data-e-type=\"column\">\n\t\t\t<div class=\"elementor-widget-wrap elementor-element-populated\">\n\t\t\t\t\t\t<div class=\"elementor-element elementor-element-de8df7b elementor-invisible elementor-widget elementor-widget-text-editor\" data-id=\"de8df7b\" data-element_type=\"widget\" data-e-type=\"widget\" data-settings=\"{&quot;_animation&quot;:&quot;fadeInUp&quot;}\" data-widget_type=\"text-editor.default\">\n\t\t\t\t<div class=\"elementor-widget-container\">\n\t\t\t\t\t\t\t\t\t<p>Professionnelle du cheveu et du cuir chevelu depuis plus de 25 ans, dont 8 ann\u00e9es d\u2019exp\u00e9rience \u00e0 domicile et au sein de diff\u00e9rentes cliniques, j\u2019exerce mon m\u00e9tier avec attention, dynamisme et passion.<\/p><p>Gr\u00e2ce \u00e0 mon savoir-faire et \u00e0 mon savoir-\u00eatre, j\u2019accompagne, rassure et prends soin des femmes, des hommes et des enfants \u00e0 travers des techniques sp\u00e9cifiques de coupe, de positionnement capillaire et une \u00e9coute profond\u00e9ment attentive.<\/p><p>Mon approche s\u2019inscrit dans une d\u00e9marche globale de mieux-\u00eatre : je contribue \u00e0 la valorisation de l\u2019estime de soi et de l\u2019image personnelle afin de favoriser la reconstruction identitaire des personnes fragilis\u00e9es par la maladie, le handicap ou le vieillissement.<\/p><p>Dipl\u00f4m\u00e9e en socio-coiffure depuis 2020, je suis \u00e0 ce jour la seule professionnelle sp\u00e9cialis\u00e9e en Indre-et-Loire. Proth\u00e9siste capillaire agr\u00e9\u00e9e par la CPAM, je vous accueille dans un salon privatif unique, situ\u00e9 \u00e0 proximit\u00e9 de Tours, pens\u00e9 pour votre confort, votre intimit\u00e9 et votre r\u00e9confort.<\/p><p>Le choix d\u2019une coiffure de remplacement peut \u00eatre une \u00e9tape d\u00e9licate. C\u2019est pourquoi je vous propose un accompagnement individualis\u00e9, avec des conseils personnalis\u00e9s, respectueux de vos besoins, de vos envies et de votre histoire.<\/p><p>Vous y d\u00e9couvrirez une s\u00e9lection de foulards, turbans, franges et proth\u00e8ses capillaires fran\u00e7aises, en fibres synth\u00e9tiques ou naturelles, avec une prise en charge possible \u00e0 100 % selon les classes.<\/p><p>Je propose \u00e9galement des soins capillaires de haute qualit\u00e9, adapt\u00e9s aux besoins sp\u00e9cifiques de votre cuir chevelu et de vos cheveux, afin de allier sant\u00e9, confort et bien-\u00eatre au quotidien.<\/p>\t\t\t\t\t\t\t\t<\/div>\n\t\t\t\t<\/div>\n\t\t\t\t\t<\/div>\n\t\t<\/div>\n\t\t\t\t\t<\/div>\n\t\t<\/section>\n\t\t\t\t<section class=\"elementor-section elementor-top-section elementor-element elementor-element-3e8cab7 elementor-section-boxed elementor-section-height-default elementor-section-height-default\" data-id=\"3e8cab7\" data-element_type=\"section\" data-e-type=\"section\" data-settings=\"{&quot;background_background&quot;:&quot;classic&quot;}\">\n\t\t\t\t\t\t<div class=\"elementor-container elementor-column-gap-default\">\n\t\t\t\t\t<div class=\"elementor-column elementor-col-100 elementor-top-column elementor-element elementor-element-b46db88\" data-id=\"b46db88\" data-element_type=\"column\" data-e-type=\"column\">\n\t\t\t<div class=\"elementor-widget-wrap elementor-element-populated\">\n\t\t\t\t\t\t<div class=\"elementor-element elementor-element-9a92223 elementor-widget elementor-widget-image\" data-id=\"9a92223\" data-element_type=\"widget\" data-e-type=\"widget\" data-widget_type=\"image.default\">\n\t\t\t\t<div class=\"elementor-widget-container\">\n\t\t\t\t\t\t\t\t\t\t\t\t\t\t\t\t<a href=\"http:\/\/virginie-vallet-socio-coiffeuse.fr\/\">\n\t\t\t\t\t\t\t<img fetchpriority=\"high\" decoding=\"async\" width=\"300\" height=\"196\" src=\"https:\/\/virginie-vallet-socio-coiffeuse.fr\/wp-content\/uploads\/2020\/11\/D3B08CDD-406F-4CB5-ACF1-D13CFA18011F-300x196.png\" class=\"elementor-animation-grow attachment-medium size-medium wp-image-145\" alt=\"\" srcset=\"https:\/\/virginie-vallet-socio-coiffeuse.fr\/wp-content\/uploads\/2020\/11\/D3B08CDD-406F-4CB5-ACF1-D13CFA18011F-300x196.png 300w, https:\/\/virginie-vallet-socio-coiffeuse.fr\/wp-content\/uploads\/2020\/11\/D3B08CDD-406F-4CB5-ACF1-D13CFA18011F-1024x669.png 1024w, https:\/\/virginie-vallet-socio-coiffeuse.fr\/wp-content\/uploads\/2020\/11\/D3B08CDD-406F-4CB5-ACF1-D13CFA18011F-768x502.png 768w, https:\/\/virginie-vallet-socio-coiffeuse.fr\/wp-content\/uploads\/2020\/11\/D3B08CDD-406F-4CB5-ACF1-D13CFA18011F-1536x1004.png 1536w, https:\/\/virginie-vallet-socio-coiffeuse.fr\/wp-content\/uploads\/2020\/11\/D3B08CDD-406F-4CB5-ACF1-D13CFA18011F-2048x1338.png 2048w, https:\/\/virginie-vallet-socio-coiffeuse.fr\/wp-content\/uploads\/2020\/11\/D3B08CDD-406F-4CB5-ACF1-D13CFA18011F-1200x784.png 1200w, https:\/\/virginie-vallet-socio-coiffeuse.fr\/wp-content\/uploads\/2020\/11\/D3B08CDD-406F-4CB5-ACF1-D13CFA18011F-1980x1294.png 1980w\" sizes=\"(max-width: 300px) 100vw, 300px\" \/>\t\t\t\t\t\t\t\t<\/a>\n\t\t\t\t\t\t\t\t\t\t\t\t\t\t\t<\/div>\n\t\t\t\t<\/div>\n\t\t\t\t\t<\/div>\n\t\t<\/div>\n\t\t\t\t\t<\/div>\n\t\t<\/section>\n\t\t\t\t<\/div>\n\t\t","protected":false},"excerpt":{"rendered":"<p>Coiffeuse \u00e0 domicile Socio-Coiffeuse Professionnelle du cheveu et du cuir chevelu depuis plus de 25 ans, dont 8 ann\u00e9es d\u2019exp\u00e9rience \u00e0 domicile et au sein de diff\u00e9rentes cliniques, j\u2019exerce mon m\u00e9tier avec attention, dynamisme et passion. Gr\u00e2ce \u00e0 mon savoir-faire et \u00e0 mon savoir-\u00eatre, j\u2019accompagne, rassure et prends soin des femmes, des hommes et des [&hellip;]<\/p>\n","protected":false},"author":1,"featured_media":0,"parent":0,"menu_order":0,"comment_status":"closed","ping_status":"closed","template":"elementor_canvas","meta":{"footnotes":""},"class_list":["post-631","page","type-page","status-publish","hentry"],"yoast_head":"<!-- This site is optimized with the Yoast SEO plugin v26.9 - https:\/\/yoast.com\/product\/yoast-seo-wordpress\/ -->\n<title>Virginie Vallet - Virginie Vallet Socio Coiffeuse<\/title>\n<meta name=\"robots\" content=\"index, follow, max-snippet:-1, max-image-preview:large, max-video-preview:-1\" \/>\n<link rel=\"canonical\" href=\"https:\/\/virginie-vallet-socio-coiffeuse.fr\/\" \/>\n<meta property=\"og:locale\" content=\"fr_FR\" \/>\n<meta property=\"og:type\" content=\"article\" \/>\n<meta property=\"og:title\" content=\"Virginie Vallet - Virginie Vallet Socio Coiffeuse\" \/>\n<meta property=\"og:description\" content=\"Coiffeuse \u00e0 domicile Socio-Coiffeuse Professionnelle du cheveu et du cuir chevelu depuis plus de 25 ans, dont 8 ann\u00e9es d\u2019exp\u00e9rience \u00e0 domicile et au sein de diff\u00e9rentes cliniques, j\u2019exerce mon m\u00e9tier avec attention, dynamisme et passion. Gr\u00e2ce \u00e0 mon savoir-faire et \u00e0 mon savoir-\u00eatre, j\u2019accompagne, rassure et prends soin des femmes, des hommes et des [&hellip;]\" \/>\n<meta property=\"og:url\" content=\"https:\/\/virginie-vallet-socio-coiffeuse.fr\/\" \/>\n<meta property=\"og:site_name\" content=\"Virginie Vallet Socio Coiffeuse\" \/>\n<meta property=\"article:publisher\" content=\"https:\/\/www.facebook.com\/lafee.decoiffe\" \/>\n<meta property=\"article:modified_time\" content=\"2026-02-16T22:38:43+00:00\" \/>\n<meta property=\"og:image\" content=\"https:\/\/virginie-vallet-socio-coiffeuse.fr\/wp-content\/uploads\/2020\/11\/D3B08CDD-406F-4CB5-ACF1-D13CFA18011F.png\" \/>\n\t<meta property=\"og:image:width\" content=\"2325\" \/>\n\t<meta property=\"og:image:height\" content=\"1519\" \/>\n\t<meta property=\"og:image:type\" content=\"image\/png\" \/>\n<meta name=\"twitter:card\" content=\"summary_large_image\" \/>\n<meta name=\"twitter:label1\" content=\"Dur\u00e9e de lecture estim\u00e9e\" \/>\n\t<meta name=\"twitter:data1\" content=\"2 minutes\" \/>\n<script type=\"application\/ld+json\" class=\"yoast-schema-graph\">{\"@context\":\"https:\/\/schema.org\",\"@graph\":[{\"@type\":\"WebPage\",\"@id\":\"https:\/\/virginie-vallet-socio-coiffeuse.fr\/\",\"url\":\"https:\/\/virginie-vallet-socio-coiffeuse.fr\/\",\"name\":\"Virginie Vallet - Virginie Vallet Socio Coiffeuse\",\"isPartOf\":{\"@id\":\"https:\/\/virginie-vallet-socio-coiffeuse.fr\/#website\"},\"primaryImageOfPage\":{\"@id\":\"https:\/\/virginie-vallet-socio-coiffeuse.fr\/#primaryimage\"},\"image\":{\"@id\":\"https:\/\/virginie-vallet-socio-coiffeuse.fr\/#primaryimage\"},\"thumbnailUrl\":\"http:\/\/virginie-vallet-socio-coiffeuse.fr\/wp-content\/uploads\/2020\/11\/D3B08CDD-406F-4CB5-ACF1-D13CFA18011F-300x196.png\",\"datePublished\":\"2020-11-22T22:10:10+00:00\",\"dateModified\":\"2026-02-16T22:38:43+00:00\",\"breadcrumb\":{\"@id\":\"https:\/\/virginie-vallet-socio-coiffeuse.fr\/#breadcrumb\"},\"inLanguage\":\"fr-FR\",\"potentialAction\":[{\"@type\":\"ReadAction\",\"target\":[\"https:\/\/virginie-vallet-socio-coiffeuse.fr\/\"]}]},{\"@type\":\"ImageObject\",\"inLanguage\":\"fr-FR\",\"@id\":\"https:\/\/virginie-vallet-socio-coiffeuse.fr\/#primaryimage\",\"url\":\"https:\/\/virginie-vallet-socio-coiffeuse.fr\/wp-content\/uploads\/2020\/11\/D3B08CDD-406F-4CB5-ACF1-D13CFA18011F.png\",\"contentUrl\":\"https:\/\/virginie-vallet-socio-coiffeuse.fr\/wp-content\/uploads\/2020\/11\/D3B08CDD-406F-4CB5-ACF1-D13CFA18011F.png\",\"width\":2325,\"height\":1519},{\"@type\":\"BreadcrumbList\",\"@id\":\"https:\/\/virginie-vallet-socio-coiffeuse.fr\/#breadcrumb\",\"itemListElement\":[{\"@type\":\"ListItem\",\"position\":1,\"name\":\"Accueil\",\"item\":\"https:\/\/virginie-vallet-socio-coiffeuse.fr\/\"},{\"@type\":\"ListItem\",\"position\":2,\"name\":\"Virginie Vallet\"}]},{\"@type\":\"WebSite\",\"@id\":\"https:\/\/virginie-vallet-socio-coiffeuse.fr\/#website\",\"url\":\"https:\/\/virginie-vallet-socio-coiffeuse.fr\/\",\"name\":\"Virginie Vallet Socio Coiffeuse\",\"description\":\"Une prestation privil\u00e9gi\u00e9e dans le bien \u00eatre et la bienveillance,  sans stress ni contrainte.\",\"publisher\":{\"@id\":\"https:\/\/virginie-vallet-socio-coiffeuse.fr\/#organization\"},\"potentialAction\":[{\"@type\":\"SearchAction\",\"target\":{\"@type\":\"EntryPoint\",\"urlTemplate\":\"https:\/\/virginie-vallet-socio-coiffeuse.fr\/?s={search_term_string}\"},\"query-input\":{\"@type\":\"PropertyValueSpecification\",\"valueRequired\":true,\"valueName\":\"search_term_string\"}}],\"inLanguage\":\"fr-FR\"},{\"@type\":\"Organization\",\"@id\":\"https:\/\/virginie-vallet-socio-coiffeuse.fr\/#organization\",\"name\":\"Virginie Vallet Socio Coiffeuse\",\"url\":\"https:\/\/virginie-vallet-socio-coiffeuse.fr\/\",\"logo\":{\"@type\":\"ImageObject\",\"inLanguage\":\"fr-FR\",\"@id\":\"https:\/\/virginie-vallet-socio-coiffeuse.fr\/#\/schema\/logo\/image\/\",\"url\":\"https:\/\/virginie-vallet-socio-coiffeuse.fr\/wp-content\/uploads\/2020\/11\/D3B08CDD-406F-4CB5-ACF1-D13CFA18011F.png\",\"contentUrl\":\"https:\/\/virginie-vallet-socio-coiffeuse.fr\/wp-content\/uploads\/2020\/11\/D3B08CDD-406F-4CB5-ACF1-D13CFA18011F.png\",\"width\":2325,\"height\":1519,\"caption\":\"Virginie Vallet Socio Coiffeuse\"},\"image\":{\"@id\":\"https:\/\/virginie-vallet-socio-coiffeuse.fr\/#\/schema\/logo\/image\/\"},\"sameAs\":[\"https:\/\/www.facebook.com\/lafee.decoiffe\"]}]}<\/script>\n<!-- \/ Yoast SEO plugin. -->","yoast_head_json":{"title":"Virginie Vallet - Virginie Vallet Socio Coiffeuse","robots":{"index":"index","follow":"follow","max-snippet":"max-snippet:-1","max-image-preview":"max-image-preview:large","max-video-preview":"max-video-preview:-1"},"canonical":"https:\/\/virginie-vallet-socio-coiffeuse.fr\/","og_locale":"fr_FR","og_type":"article","og_title":"Virginie Vallet - Virginie Vallet Socio Coiffeuse","og_description":"Coiffeuse \u00e0 domicile Socio-Coiffeuse Professionnelle du cheveu et du cuir chevelu depuis plus de 25 ans, dont 8 ann\u00e9es d\u2019exp\u00e9rience \u00e0 domicile et au sein de diff\u00e9rentes cliniques, j\u2019exerce mon m\u00e9tier avec attention, dynamisme et passion. Gr\u00e2ce \u00e0 mon savoir-faire et \u00e0 mon savoir-\u00eatre, j\u2019accompagne, rassure et prends soin des femmes, des hommes et des [&hellip;]","og_url":"https:\/\/virginie-vallet-socio-coiffeuse.fr\/","og_site_name":"Virginie Vallet Socio Coiffeuse","article_publisher":"https:\/\/www.facebook.com\/lafee.decoiffe","article_modified_time":"2026-02-16T22:38:43+00:00","og_image":[{"width":2325,"height":1519,"url":"https:\/\/virginie-vallet-socio-coiffeuse.fr\/wp-content\/uploads\/2020\/11\/D3B08CDD-406F-4CB5-ACF1-D13CFA18011F.png","type":"image\/png"}],"twitter_card":"summary_large_image","twitter_misc":{"Dur\u00e9e de lecture estim\u00e9e":"2 minutes"},"schema":{"@context":"https:\/\/schema.org","@graph":[{"@type":"WebPage","@id":"https:\/\/virginie-vallet-socio-coiffeuse.fr\/","url":"https:\/\/virginie-vallet-socio-coiffeuse.fr\/","name":"Virginie Vallet - Virginie Vallet Socio Coiffeuse","isPartOf":{"@id":"https:\/\/virginie-vallet-socio-coiffeuse.fr\/#website"},"primaryImageOfPage":{"@id":"https:\/\/virginie-vallet-socio-coiffeuse.fr\/#primaryimage"},"image":{"@id":"https:\/\/virginie-vallet-socio-coiffeuse.fr\/#primaryimage"},"thumbnailUrl":"http:\/\/virginie-vallet-socio-coiffeuse.fr\/wp-content\/uploads\/2020\/11\/D3B08CDD-406F-4CB5-ACF1-D13CFA18011F-300x196.png","datePublished":"2020-11-22T22:10:10+00:00","dateModified":"2026-02-16T22:38:43+00:00","breadcrumb":{"@id":"https:\/\/virginie-vallet-socio-coiffeuse.fr\/#breadcrumb"},"inLanguage":"fr-FR","potentialAction":[{"@type":"ReadAction","target":["https:\/\/virginie-vallet-socio-coiffeuse.fr\/"]}]},{"@type":"ImageObject","inLanguage":"fr-FR","@id":"https:\/\/virginie-vallet-socio-coiffeuse.fr\/#primaryimage","url":"https:\/\/virginie-vallet-socio-coiffeuse.fr\/wp-content\/uploads\/2020\/11\/D3B08CDD-406F-4CB5-ACF1-D13CFA18011F.png","contentUrl":"https:\/\/virginie-vallet-socio-coiffeuse.fr\/wp-content\/uploads\/2020\/11\/D3B08CDD-406F-4CB5-ACF1-D13CFA18011F.png","width":2325,"height":1519},{"@type":"BreadcrumbList","@id":"https:\/\/virginie-vallet-socio-coiffeuse.fr\/#breadcrumb","itemListElement":[{"@type":"ListItem","position":1,"name":"Accueil","item":"https:\/\/virginie-vallet-socio-coiffeuse.fr\/"},{"@type":"ListItem","position":2,"name":"Virginie Vallet"}]},{"@type":"WebSite","@id":"https:\/\/virginie-vallet-socio-coiffeuse.fr\/#website","url":"https:\/\/virginie-vallet-socio-coiffeuse.fr\/","name":"Virginie Vallet Socio Coiffeuse","description":"Une prestation privil\u00e9gi\u00e9e dans le bien \u00eatre et la bienveillance,  sans stress ni contrainte.","publisher":{"@id":"https:\/\/virginie-vallet-socio-coiffeuse.fr\/#organization"},"potentialAction":[{"@type":"SearchAction","target":{"@type":"EntryPoint","urlTemplate":"https:\/\/virginie-vallet-socio-coiffeuse.fr\/?s={search_term_string}"},"query-input":{"@type":"PropertyValueSpecification","valueRequired":true,"valueName":"search_term_string"}}],"inLanguage":"fr-FR"},{"@type":"Organization","@id":"https:\/\/virginie-vallet-socio-coiffeuse.fr\/#organization","name":"Virginie Vallet Socio Coiffeuse","url":"https:\/\/virginie-vallet-socio-coiffeuse.fr\/","logo":{"@type":"ImageObject","inLanguage":"fr-FR","@id":"https:\/\/virginie-vallet-socio-coiffeuse.fr\/#\/schema\/logo\/image\/","url":"https:\/\/virginie-vallet-socio-coiffeuse.fr\/wp-content\/uploads\/2020\/11\/D3B08CDD-406F-4CB5-ACF1-D13CFA18011F.png","contentUrl":"https:\/\/virginie-vallet-socio-coiffeuse.fr\/wp-content\/uploads\/2020\/11\/D3B08CDD-406F-4CB5-ACF1-D13CFA18011F.png","width":2325,"height":1519,"caption":"Virginie Vallet Socio Coiffeuse"},"image":{"@id":"https:\/\/virginie-vallet-socio-coiffeuse.fr\/#\/schema\/logo\/image\/"},"sameAs":["https:\/\/www.facebook.com\/lafee.decoiffe"]}]}},"_links":{"self":[{"href":"https:\/\/virginie-vallet-socio-coiffeuse.fr\/index.php?rest_route=\/wp\/v2\/pages\/631","targetHints":{"allow":["GET"]}}],"collection":[{"href":"https:\/\/virginie-vallet-socio-coiffeuse.fr\/index.php?rest_route=\/wp\/v2\/pages"}],"about":[{"href":"https:\/\/virginie-vallet-socio-coiffeuse.fr\/index.php?rest_route=\/wp\/v2\/types\/page"}],"author":[{"embeddable":true,"href":"https:\/\/virginie-vallet-socio-coiffeuse.fr\/index.php?rest_route=\/wp\/v2\/users\/1"}],"replies":[{"embeddable":true,"href":"https:\/\/virginie-vallet-socio-coiffeuse.fr\/index.php?rest_route=%2Fwp%2Fv2%2Fcomments&post=631"}],"version-history":[{"count":36,"href":"https:\/\/virginie-vallet-socio-coiffeuse.fr\/index.php?rest_route=\/wp\/v2\/pages\/631\/revisions"}],"predecessor-version":[{"id":746,"href":"https:\/\/virginie-vallet-socio-coiffeuse.fr\/index.php?rest_route=\/wp\/v2\/pages\/631\/revisions\/746"}],"wp:attachment":[{"href":"https:\/\/virginie-vallet-socio-coiffeuse.fr\/index.php?rest_route=%2Fwp%2Fv2%2Fmedia&parent=631"}],"curies":[{"name":"wp","href":"https:\/\/api.w.org\/{rel}","templated":true}]}}