{"id":492,"date":"2020-11-20T14:30:12","date_gmt":"2020-11-20T13:30:12","guid":{"rendered":"http:\/\/virginie-vallet-socio-coiffeuse.fr\/?page_id=492"},"modified":"2026-02-17T11:19:31","modified_gmt":"2026-02-17T10:19:31","slug":"virginie-vallet-socio-coiffeuse-diplomee-detat","status":"publish","type":"page","link":"https:\/\/virginie-vallet-socio-coiffeuse.fr\/?page_id=492","title":{"rendered":"Virginie Vallet Socio Coiffeuse dipl\u00f4m\u00e9e d&rsquo;\u00e9tat"},"content":{"rendered":"\t\t<div data-elementor-type=\"wp-page\" data-elementor-id=\"492\" class=\"elementor elementor-492\">\n\t\t\t\t\t\t<section class=\"elementor-section elementor-top-section elementor-element elementor-element-7fd1021 elementor-section-boxed elementor-section-height-default elementor-section-height-default\" data-id=\"7fd1021\" data-element_type=\"section\" data-e-type=\"section\">\n\t\t\t\t\t\t<div class=\"elementor-container elementor-column-gap-default\">\n\t\t\t\t\t<div class=\"elementor-column elementor-col-100 elementor-top-column elementor-element elementor-element-d6d1092\" data-id=\"d6d1092\" data-element_type=\"column\" data-e-type=\"column\">\n\t\t\t<div class=\"elementor-widget-wrap elementor-element-populated\">\n\t\t\t\t\t\t<div class=\"elementor-element elementor-element-5024779 elementor-widget elementor-widget-heading\" data-id=\"5024779\" data-element_type=\"widget\" data-e-type=\"widget\" data-widget_type=\"heading.default\">\n\t\t\t\t<div class=\"elementor-widget-container\">\n\t\t\t\t\t<h2 class=\"elementor-heading-title elementor-size-default\">Virginie Vallet Socio coiffeuse<\/h2>\t\t\t\t<\/div>\n\t\t\t\t<\/div>\n\t\t\t\t\t<\/div>\n\t\t<\/div>\n\t\t\t\t\t<\/div>\n\t\t<\/section>\n\t\t\t\t<section class=\"elementor-section elementor-top-section elementor-element elementor-element-e11968c elementor-section-boxed elementor-section-height-default elementor-section-height-default\" data-id=\"e11968c\" data-element_type=\"section\" data-e-type=\"section\">\n\t\t\t\t\t\t<div class=\"elementor-container elementor-column-gap-default\">\n\t\t\t\t\t<div class=\"elementor-column elementor-col-33 elementor-top-column elementor-element elementor-element-dd0c0d8\" data-id=\"dd0c0d8\" data-element_type=\"column\" data-e-type=\"column\">\n\t\t\t<div class=\"elementor-widget-wrap elementor-element-populated\">\n\t\t\t\t\t\t<div class=\"elementor-element elementor-element-26d42d4 animated-slow elementor-widget elementor-widget-heading\" data-id=\"26d42d4\" data-element_type=\"widget\" data-e-type=\"widget\" data-settings=\"{&quot;_animation&quot;:&quot;none&quot;}\" data-widget_type=\"heading.default\">\n\t\t\t\t<div class=\"elementor-widget-container\">\n\t\t\t\t\t<h2 class=\"elementor-heading-title elementor-size-large\"><a href=\"http:\/\/virginie-vallet-socio-coiffeuse.fr\/?page_id=359\">prestations<\/a><\/h2>\t\t\t\t<\/div>\n\t\t\t\t<\/div>\n\t\t\t\t\t<\/div>\n\t\t<\/div>\n\t\t\t\t<div class=\"elementor-column elementor-col-33 elementor-top-column elementor-element elementor-element-8026f5f\" data-id=\"8026f5f\" data-element_type=\"column\" data-e-type=\"column\">\n\t\t\t<div class=\"elementor-widget-wrap\">\n\t\t\t\t\t\t\t<\/div>\n\t\t<\/div>\n\t\t\t\t<div class=\"elementor-column elementor-col-33 elementor-top-column elementor-element elementor-element-984e487\" data-id=\"984e487\" data-element_type=\"column\" data-e-type=\"column\">\n\t\t\t<div class=\"elementor-widget-wrap elementor-element-populated\">\n\t\t\t\t\t\t<div class=\"elementor-element elementor-element-b929d88 elementor-widget elementor-widget-heading\" data-id=\"b929d88\" data-element_type=\"widget\" data-e-type=\"widget\" data-widget_type=\"heading.default\">\n\t\t\t\t<div class=\"elementor-widget-container\">\n\t\t\t\t\t<h2 class=\"elementor-heading-title elementor-size-large\"><a href=\"http:\/\/virginie-vallet-socio-coiffeuse.fr\/?page_id=259\">Proth\u00e9ses capillaire<\/a><\/h2>\t\t\t\t<\/div>\n\t\t\t\t<\/div>\n\t\t\t\t\t<\/div>\n\t\t<\/div>\n\t\t\t\t\t<\/div>\n\t\t<\/section>\n\t\t\t\t<section class=\"elementor-section elementor-top-section elementor-element elementor-element-e865fb2 elementor-section-boxed elementor-section-height-default elementor-section-height-default\" data-id=\"e865fb2\" data-element_type=\"section\" data-e-type=\"section\">\n\t\t\t\t\t\t<div class=\"elementor-container elementor-column-gap-default\">\n\t\t\t\t\t<div class=\"elementor-column elementor-col-100 elementor-top-column elementor-element elementor-element-fb48670\" data-id=\"fb48670\" data-element_type=\"column\" data-e-type=\"column\">\n\t\t\t<div class=\"elementor-widget-wrap elementor-element-populated\">\n\t\t\t\t\t\t<div class=\"elementor-element elementor-element-7fe3406 elementor-widget elementor-widget-heading\" data-id=\"7fe3406\" data-element_type=\"widget\" data-e-type=\"widget\" data-widget_type=\"heading.default\">\n\t\t\t\t<div class=\"elementor-widget-container\">\n\t\t\t\t\t<h2 class=\"elementor-heading-title elementor-size-default\">La socio coiffure <\/h2>\t\t\t\t<\/div>\n\t\t\t\t<\/div>\n\t\t\t\t<div class=\"elementor-element elementor-element-55a59d7 elementor-widget elementor-widget-image\" data-id=\"55a59d7\" data-element_type=\"widget\" data-e-type=\"widget\" data-widget_type=\"image.default\">\n\t\t\t\t<div class=\"elementor-widget-container\">\n\t\t\t\t\t\t\t\t\t\t\t\t\t\t\t\t<a href=\"https:\/\/socio-coiffure.fr\" target=\"_blank\">\n\t\t\t\t\t\t\t<img decoding=\"async\" width=\"106\" height=\"96\" src=\"https:\/\/virginie-vallet-socio-coiffeuse.fr\/wp-content\/uploads\/2020\/11\/Capture-decran-2020-11-20-a-14.20.38.png\" class=\"attachment-large size-large wp-image-495\" alt=\"\" \/>\t\t\t\t\t\t\t\t<\/a>\n\t\t\t\t\t\t\t\t\t\t\t\t\t\t\t<\/div>\n\t\t\t\t<\/div>\n\t\t\t\t<div class=\"elementor-element elementor-element-6420ab5 elementor-widget elementor-widget-text-editor\" data-id=\"6420ab5\" data-element_type=\"widget\" data-e-type=\"widget\" data-widget_type=\"text-editor.default\">\n\t\t\t\t<div class=\"elementor-widget-container\">\n\t\t\t\t\t\t\t\t\t<h2><span class=\"s1\">Qu\u2019est-ce que la socio-coiffure ?<\/span><\/h2><p class=\"p3\"><span class=\"s2\">La socio-coiffure est une sp\u00e9cialisation de la coiffure, reconnue par l\u2019\u00c9tat depuis 2014. Elle se situe \u00e0 la crois\u00e9e du soin esth\u00e9tique, de l\u2019accompagnement th\u00e9rapeutique et du bien-\u00eatre.<\/span><\/p><p class=\"p3\"><span class=\"s2\">Elle s\u2019adresse aux personnes fragilis\u00e9es par une \u00e9preuve de vie : maladie, traitements m\u00e9dicaux (chimioth\u00e9rapie, alop\u00e9cie\u2026), handicap, perte d\u2019autonomie, troubles neurologiques ou encore vieillissement. Son objectif est d\u2019offrir un accompagnement adapt\u00e9, dans le respect de la situation de chacun, quel que soit son lieu de vie : domicile, structures sociales ou m\u00e9dico-sociales, associations, centres de r\u00e9insertion, h\u00f4pitaux ou EHPAD.<\/span><\/p><hr \/><h2><span class=\"s1\">Un accompagnement personnalis\u00e9 et th\u00e9rapeutique<\/span><\/h2><p class=\"p3\"><span class=\"s2\">Chaque intervention fait l\u2019objet d\u2019une prise en charge individualis\u00e9e, construite en fonction des pathologies ou probl\u00e9matiques rencontr\u00e9es : AVC, maladie de Parkinson, Alzheimer, cancers, autisme\u2026<\/span><\/p><p class=\"p3\"><span class=\"s2\">Au-del\u00e0 de l\u2019acte technique, la socio-coiffure repose sur une approche profond\u00e9ment humaine. Elle vise \u00e0 :<\/span><\/p><ul><li><p class=\"p1\"><span class=\"s1\">Restaurer l\u2019image de soi<\/span><\/p><\/li><li><p class=\"p1\"><span class=\"s1\">Pr\u00e9server la dignit\u00e9<\/span><\/p><\/li><li><p class=\"p1\"><span class=\"s1\">Favoriser la reconstruction identitaire<\/span><\/p><\/li><li><p class=\"p1\"><span class=\"s1\">Soutenir le moral et l\u2019estime personnelle<\/span><\/p><\/li><\/ul><p class=\"p3\"><span class=\"s2\">Retrouver une apparence famili\u00e8re, se reconna\u00eetre dans le miroir, se sentir pr\u00e9sentable face aux autres : ces \u00e9l\u00e9ments jouent un r\u00f4le essentiel dans le parcours de soin et le mieux-\u00eatre global.<\/span><\/p><hr \/><h2><span class=\"s1\">Un travail en collaboration avec les \u00e9quipes de soin<\/span><\/h2><p class=\"p3\"><span class=\"s2\">Le socio-coiffeur intervient en coordination avec des \u00e9quipes pluridisciplinaires (soignants, psychologues, travailleurs sociaux\u2026). Des fiches de suivi socio-esth\u00e9tiques sont mises en place afin d\u2019assurer une continuit\u00e9 d\u2019accompagnement coh\u00e9rente et adapt\u00e9e.<\/span><\/p><p class=\"p3\"><span class=\"s2\">Toutes les prestations respectent rigoureusement :<\/span><\/p><ul><li><p class=\"p1\"><span class=\"s1\">Les normes d\u2019hygi\u00e8ne hospitali\u00e8re<\/span><\/p><\/li><li><p class=\"p1\"><span class=\"s1\">Les protocoles sanitaires<\/span><\/p><\/li><li><p class=\"p1\"><span class=\"s1\">Les r\u00e8gles strictes de confidentialit\u00e9<\/span><\/p><\/li><\/ul><hr \/><h2><span class=\"s1\">Des prestations adapt\u00e9es aux situations m\u00e9dicales<\/span><\/h2><p class=\"p3\"><span class=\"s2\">Form\u00e9 aux contextes sensibles, le socio-coiffeur adapte ses gestes, ses outils et ses techniques aux contraintes li\u00e9es aux traitements, \u00e0 la fatigue, \u00e0 la douleur ou aux dispositifs m\u00e9dicaux.<\/span><\/p><p class=\"p3\"><span class=\"s2\">Les prestations peuvent inclure :<\/span><\/p><ul><li><p class=\"p1\"><span class=\"s1\">Coupes adapt\u00e9es aux chutes de cheveux<\/span><\/p><\/li><li><p class=\"p1\"><span class=\"s1\">Rasage ou tonte pr\u00e9-traitement<\/span><\/p><\/li><li><p class=\"p1\"><span class=\"s1\">Conseils en proth\u00e8ses capillaires (perruques m\u00e9dicales)<\/span><\/p><\/li><li><p class=\"p1\"><span class=\"s1\">Ajustement et personnalisation de perruques<\/span><\/p><\/li><li><p class=\"p1\"><span class=\"s1\">Entretien du cuir chevelu fragilis\u00e9<\/span><\/p><\/li><li><p class=\"p1\"><span class=\"s1\">Conseils en foulards, turbans et accessoires<\/span><\/p><\/li><li><p class=\"p1\"><span class=\"s1\">Soins capillaires sp\u00e9cifiques<\/span><\/p><\/li><\/ul><hr \/><h2><span class=\"s1\">Lieux d\u2019intervention<\/span><\/h2><p class=\"p3\"><span class=\"s2\">Je me d\u00e9place directement :<\/span><\/p><ul><li><p class=\"p1\"><span class=\"s1\">\u00c0 domicile<\/span><\/p><\/li><li><p class=\"p1\"><span class=\"s1\">En entreprises \/ bureaux<\/span><\/p><\/li><li><p class=\"p1\"><span class=\"s1\">En EHPAD<\/span><\/p><\/li><li><p class=\"p1\"><span class=\"s1\">En h\u00f4pitaux et cliniques<\/span><\/p><\/li><li><p class=\"p1\"><span class=\"s1\">En structures m\u00e9dico-sociales<\/span><\/p><\/li><\/ul><hr \/><h2><span class=\"s1\">Coiffure &amp; accompagnement au quotidien<\/span><\/h2><p class=\"p3\"><span class=\"s2\">Que ce soit pour une coupe, un brushing, une coloration ou un balayage, je vous accompagne avec \u00e9coute, bienveillance et professionnalisme.<\/span><\/p><p class=\"p3\"><span class=\"s2\">Chaque prestation est r\u00e9alis\u00e9e avec passion et savoir-faire, dans le respect de vos envies, de votre confort et de votre situation personnelle.<\/span><\/p>\t\t\t\t\t\t\t\t<\/div>\n\t\t\t\t<\/div>\n\t\t\t\t\t<\/div>\n\t\t<\/div>\n\t\t\t\t\t<\/div>\n\t\t<\/section>\n\t\t\t\t<\/div>\n\t\t","protected":false},"excerpt":{"rendered":"<p>Virginie Vallet Socio coiffeuse prestations Proth\u00e9ses capillaire La socio coiffure Qu\u2019est-ce que la socio-coiffure ? La socio-coiffure est une sp\u00e9cialisation de la coiffure, reconnue par l\u2019\u00c9tat depuis 2014. Elle se situe \u00e0 la crois\u00e9e du soin esth\u00e9tique, de l\u2019accompagnement th\u00e9rapeutique et du bien-\u00eatre. Elle s\u2019adresse aux personnes fragilis\u00e9es par une \u00e9preuve de vie : maladie, [&hellip;]<\/p>\n","protected":false},"author":1,"featured_media":0,"parent":0,"menu_order":0,"comment_status":"closed","ping_status":"closed","template":"elementor_canvas","meta":{"footnotes":""},"class_list":["post-492","page","type-page","status-publish","hentry"],"yoast_head":"<!-- This site is optimized with the Yoast SEO plugin v26.9 - https:\/\/yoast.com\/product\/yoast-seo-wordpress\/ -->\n<title>Virginie Vallet Socio Coiffeuse coiffeuse \u00e0 domicile<\/title>\n<meta name=\"description\" content=\"Virginie Vallet coiffeuse \u00e0 domicile passionn\u00e9e, je mets ma passion mon savoir faire pour satisfaire vos envies . Une prestation privil\u00e9gi\u00e9e dans le bien \u00eatre et la bienveillance, sans stress ni contrainte.\" \/>\n<meta name=\"robots\" content=\"index, follow, max-snippet:-1, max-image-preview:large, max-video-preview:-1\" \/>\n<link rel=\"canonical\" href=\"https:\/\/virginie-vallet-socio-coiffeuse.fr\/?page_id=492\" \/>\n<meta property=\"og:locale\" content=\"fr_FR\" \/>\n<meta property=\"og:type\" content=\"article\" \/>\n<meta property=\"og:title\" content=\"https:\/\/www.facebook.com\/lafee.decoiffe\" \/>\n<meta property=\"og:description\" content=\"Virginie Vallet Socio Coiffeuse\" \/>\n<meta property=\"og:url\" content=\"https:\/\/virginie-vallet-socio-coiffeuse.fr\/?page_id=492\" \/>\n<meta property=\"og:site_name\" content=\"Virginie Vallet Socio Coiffeuse\" \/>\n<meta property=\"article:publisher\" content=\"https:\/\/www.facebook.com\/lafee.decoiffe\" \/>\n<meta property=\"article:modified_time\" content=\"2026-02-17T10:19:31+00:00\" \/>\n<meta property=\"og:image\" content=\"https:\/\/virginie-vallet-socio-coiffeuse.fr\/wp-content\/uploads\/2020\/11\/Capture-decran-2020-11-20-a-14.20.38.png\" \/>\n\t<meta property=\"og:image:width\" content=\"106\" \/>\n\t<meta property=\"og:image:height\" content=\"96\" \/>\n\t<meta property=\"og:image:type\" content=\"image\/png\" \/>\n<meta name=\"twitter:card\" content=\"summary_large_image\" \/>\n<meta name=\"twitter:label1\" content=\"Dur\u00e9e de lecture estim\u00e9e\" \/>\n\t<meta name=\"twitter:data1\" content=\"3 minutes\" \/>\n<script type=\"application\/ld+json\" class=\"yoast-schema-graph\">{\"@context\":\"https:\/\/schema.org\",\"@graph\":[{\"@type\":\"WebPage\",\"@id\":\"https:\/\/virginie-vallet-socio-coiffeuse.fr\/?page_id=492\",\"url\":\"https:\/\/virginie-vallet-socio-coiffeuse.fr\/?page_id=492\",\"name\":\"Virginie Vallet Socio Coiffeuse coiffeuse \u00e0 domicile\",\"isPartOf\":{\"@id\":\"https:\/\/virginie-vallet-socio-coiffeuse.fr\/#website\"},\"primaryImageOfPage\":{\"@id\":\"https:\/\/virginie-vallet-socio-coiffeuse.fr\/?page_id=492#primaryimage\"},\"image\":{\"@id\":\"https:\/\/virginie-vallet-socio-coiffeuse.fr\/?page_id=492#primaryimage\"},\"thumbnailUrl\":\"http:\/\/virginie-vallet-socio-coiffeuse.fr\/wp-content\/uploads\/2020\/11\/Capture-decran-2020-11-20-a-14.20.38.png\",\"datePublished\":\"2020-11-20T13:30:12+00:00\",\"dateModified\":\"2026-02-17T10:19:31+00:00\",\"description\":\"Virginie Vallet coiffeuse \u00e0 domicile passionn\u00e9e, je mets ma passion mon savoir faire pour satisfaire vos envies . Une prestation privil\u00e9gi\u00e9e dans le bien \u00eatre et la bienveillance, sans stress ni contrainte.\",\"breadcrumb\":{\"@id\":\"https:\/\/virginie-vallet-socio-coiffeuse.fr\/?page_id=492#breadcrumb\"},\"inLanguage\":\"fr-FR\",\"potentialAction\":[{\"@type\":\"ReadAction\",\"target\":[\"https:\/\/virginie-vallet-socio-coiffeuse.fr\/?page_id=492\"]}]},{\"@type\":\"ImageObject\",\"inLanguage\":\"fr-FR\",\"@id\":\"https:\/\/virginie-vallet-socio-coiffeuse.fr\/?page_id=492#primaryimage\",\"url\":\"https:\/\/virginie-vallet-socio-coiffeuse.fr\/wp-content\/uploads\/2020\/11\/Capture-decran-2020-11-20-a-14.20.38.png\",\"contentUrl\":\"https:\/\/virginie-vallet-socio-coiffeuse.fr\/wp-content\/uploads\/2020\/11\/Capture-decran-2020-11-20-a-14.20.38.png\",\"width\":106,\"height\":96},{\"@type\":\"BreadcrumbList\",\"@id\":\"https:\/\/virginie-vallet-socio-coiffeuse.fr\/?page_id=492#breadcrumb\",\"itemListElement\":[{\"@type\":\"ListItem\",\"position\":1,\"name\":\"Accueil\",\"item\":\"https:\/\/virginie-vallet-socio-coiffeuse.fr\/\"},{\"@type\":\"ListItem\",\"position\":2,\"name\":\"Virginie Vallet Socio Coiffeuse dipl\u00f4m\u00e9e d&rsquo;\u00e9tat\"}]},{\"@type\":\"WebSite\",\"@id\":\"https:\/\/virginie-vallet-socio-coiffeuse.fr\/#website\",\"url\":\"https:\/\/virginie-vallet-socio-coiffeuse.fr\/\",\"name\":\"Virginie Vallet Socio Coiffeuse\",\"description\":\"Une prestation privil\u00e9gi\u00e9e dans le bien \u00eatre et la bienveillance,  sans stress ni contrainte.\",\"publisher\":{\"@id\":\"https:\/\/virginie-vallet-socio-coiffeuse.fr\/#organization\"},\"potentialAction\":[{\"@type\":\"SearchAction\",\"target\":{\"@type\":\"EntryPoint\",\"urlTemplate\":\"https:\/\/virginie-vallet-socio-coiffeuse.fr\/?s={search_term_string}\"},\"query-input\":{\"@type\":\"PropertyValueSpecification\",\"valueRequired\":true,\"valueName\":\"search_term_string\"}}],\"inLanguage\":\"fr-FR\"},{\"@type\":\"Organization\",\"@id\":\"https:\/\/virginie-vallet-socio-coiffeuse.fr\/#organization\",\"name\":\"Virginie Vallet Socio Coiffeuse\",\"url\":\"https:\/\/virginie-vallet-socio-coiffeuse.fr\/\",\"logo\":{\"@type\":\"ImageObject\",\"inLanguage\":\"fr-FR\",\"@id\":\"https:\/\/virginie-vallet-socio-coiffeuse.fr\/#\/schema\/logo\/image\/\",\"url\":\"https:\/\/virginie-vallet-socio-coiffeuse.fr\/wp-content\/uploads\/2020\/11\/D3B08CDD-406F-4CB5-ACF1-D13CFA18011F.png\",\"contentUrl\":\"https:\/\/virginie-vallet-socio-coiffeuse.fr\/wp-content\/uploads\/2020\/11\/D3B08CDD-406F-4CB5-ACF1-D13CFA18011F.png\",\"width\":2325,\"height\":1519,\"caption\":\"Virginie Vallet Socio Coiffeuse\"},\"image\":{\"@id\":\"https:\/\/virginie-vallet-socio-coiffeuse.fr\/#\/schema\/logo\/image\/\"},\"sameAs\":[\"https:\/\/www.facebook.com\/lafee.decoiffe\"]}]}<\/script>\n<!-- \/ Yoast SEO plugin. -->","yoast_head_json":{"title":"Virginie Vallet Socio Coiffeuse coiffeuse \u00e0 domicile","description":"Virginie Vallet coiffeuse \u00e0 domicile passionn\u00e9e, je mets ma passion mon savoir faire pour satisfaire vos envies . Une prestation privil\u00e9gi\u00e9e dans le bien \u00eatre et la bienveillance, sans stress ni contrainte.","robots":{"index":"index","follow":"follow","max-snippet":"max-snippet:-1","max-image-preview":"max-image-preview:large","max-video-preview":"max-video-preview:-1"},"canonical":"https:\/\/virginie-vallet-socio-coiffeuse.fr\/?page_id=492","og_locale":"fr_FR","og_type":"article","og_title":"https:\/\/www.facebook.com\/lafee.decoiffe","og_description":"Virginie Vallet Socio Coiffeuse","og_url":"https:\/\/virginie-vallet-socio-coiffeuse.fr\/?page_id=492","og_site_name":"Virginie Vallet Socio Coiffeuse","article_publisher":"https:\/\/www.facebook.com\/lafee.decoiffe","article_modified_time":"2026-02-17T10:19:31+00:00","og_image":[{"width":106,"height":96,"url":"https:\/\/virginie-vallet-socio-coiffeuse.fr\/wp-content\/uploads\/2020\/11\/Capture-decran-2020-11-20-a-14.20.38.png","type":"image\/png"}],"twitter_card":"summary_large_image","twitter_misc":{"Dur\u00e9e de lecture estim\u00e9e":"3 minutes"},"schema":{"@context":"https:\/\/schema.org","@graph":[{"@type":"WebPage","@id":"https:\/\/virginie-vallet-socio-coiffeuse.fr\/?page_id=492","url":"https:\/\/virginie-vallet-socio-coiffeuse.fr\/?page_id=492","name":"Virginie Vallet Socio Coiffeuse coiffeuse \u00e0 domicile","isPartOf":{"@id":"https:\/\/virginie-vallet-socio-coiffeuse.fr\/#website"},"primaryImageOfPage":{"@id":"https:\/\/virginie-vallet-socio-coiffeuse.fr\/?page_id=492#primaryimage"},"image":{"@id":"https:\/\/virginie-vallet-socio-coiffeuse.fr\/?page_id=492#primaryimage"},"thumbnailUrl":"http:\/\/virginie-vallet-socio-coiffeuse.fr\/wp-content\/uploads\/2020\/11\/Capture-decran-2020-11-20-a-14.20.38.png","datePublished":"2020-11-20T13:30:12+00:00","dateModified":"2026-02-17T10:19:31+00:00","description":"Virginie Vallet coiffeuse \u00e0 domicile passionn\u00e9e, je mets ma passion mon savoir faire pour satisfaire vos envies . Une prestation privil\u00e9gi\u00e9e dans le bien \u00eatre et la bienveillance, sans stress ni contrainte.","breadcrumb":{"@id":"https:\/\/virginie-vallet-socio-coiffeuse.fr\/?page_id=492#breadcrumb"},"inLanguage":"fr-FR","potentialAction":[{"@type":"ReadAction","target":["https:\/\/virginie-vallet-socio-coiffeuse.fr\/?page_id=492"]}]},{"@type":"ImageObject","inLanguage":"fr-FR","@id":"https:\/\/virginie-vallet-socio-coiffeuse.fr\/?page_id=492#primaryimage","url":"https:\/\/virginie-vallet-socio-coiffeuse.fr\/wp-content\/uploads\/2020\/11\/Capture-decran-2020-11-20-a-14.20.38.png","contentUrl":"https:\/\/virginie-vallet-socio-coiffeuse.fr\/wp-content\/uploads\/2020\/11\/Capture-decran-2020-11-20-a-14.20.38.png","width":106,"height":96},{"@type":"BreadcrumbList","@id":"https:\/\/virginie-vallet-socio-coiffeuse.fr\/?page_id=492#breadcrumb","itemListElement":[{"@type":"ListItem","position":1,"name":"Accueil","item":"https:\/\/virginie-vallet-socio-coiffeuse.fr\/"},{"@type":"ListItem","position":2,"name":"Virginie Vallet Socio Coiffeuse dipl\u00f4m\u00e9e d&rsquo;\u00e9tat"}]},{"@type":"WebSite","@id":"https:\/\/virginie-vallet-socio-coiffeuse.fr\/#website","url":"https:\/\/virginie-vallet-socio-coiffeuse.fr\/","name":"Virginie Vallet Socio Coiffeuse","description":"Une prestation privil\u00e9gi\u00e9e dans le bien \u00eatre et la bienveillance,  sans stress ni contrainte.","publisher":{"@id":"https:\/\/virginie-vallet-socio-coiffeuse.fr\/#organization"},"potentialAction":[{"@type":"SearchAction","target":{"@type":"EntryPoint","urlTemplate":"https:\/\/virginie-vallet-socio-coiffeuse.fr\/?s={search_term_string}"},"query-input":{"@type":"PropertyValueSpecification","valueRequired":true,"valueName":"search_term_string"}}],"inLanguage":"fr-FR"},{"@type":"Organization","@id":"https:\/\/virginie-vallet-socio-coiffeuse.fr\/#organization","name":"Virginie Vallet Socio Coiffeuse","url":"https:\/\/virginie-vallet-socio-coiffeuse.fr\/","logo":{"@type":"ImageObject","inLanguage":"fr-FR","@id":"https:\/\/virginie-vallet-socio-coiffeuse.fr\/#\/schema\/logo\/image\/","url":"https:\/\/virginie-vallet-socio-coiffeuse.fr\/wp-content\/uploads\/2020\/11\/D3B08CDD-406F-4CB5-ACF1-D13CFA18011F.png","contentUrl":"https:\/\/virginie-vallet-socio-coiffeuse.fr\/wp-content\/uploads\/2020\/11\/D3B08CDD-406F-4CB5-ACF1-D13CFA18011F.png","width":2325,"height":1519,"caption":"Virginie Vallet Socio Coiffeuse"},"image":{"@id":"https:\/\/virginie-vallet-socio-coiffeuse.fr\/#\/schema\/logo\/image\/"},"sameAs":["https:\/\/www.facebook.com\/lafee.decoiffe"]}]}},"_links":{"self":[{"href":"https:\/\/virginie-vallet-socio-coiffeuse.fr\/index.php?rest_route=\/wp\/v2\/pages\/492","targetHints":{"allow":["GET"]}}],"collection":[{"href":"https:\/\/virginie-vallet-socio-coiffeuse.fr\/index.php?rest_route=\/wp\/v2\/pages"}],"about":[{"href":"https:\/\/virginie-vallet-socio-coiffeuse.fr\/index.php?rest_route=\/wp\/v2\/types\/page"}],"author":[{"embeddable":true,"href":"https:\/\/virginie-vallet-socio-coiffeuse.fr\/index.php?rest_route=\/wp\/v2\/users\/1"}],"replies":[{"embeddable":true,"href":"https:\/\/virginie-vallet-socio-coiffeuse.fr\/index.php?rest_route=%2Fwp%2Fv2%2Fcomments&post=492"}],"version-history":[{"count":89,"href":"https:\/\/virginie-vallet-socio-coiffeuse.fr\/index.php?rest_route=\/wp\/v2\/pages\/492\/revisions"}],"predecessor-version":[{"id":761,"href":"https:\/\/virginie-vallet-socio-coiffeuse.fr\/index.php?rest_route=\/wp\/v2\/pages\/492\/revisions\/761"}],"wp:attachment":[{"href":"https:\/\/virginie-vallet-socio-coiffeuse.fr\/index.php?rest_route=%2Fwp%2Fv2%2Fmedia&parent=492"}],"curies":[{"name":"wp","href":"https:\/\/api.w.org\/{rel}","templated":true}]}}