{"id":359,"date":"2020-11-11T21:10:43","date_gmt":"2020-11-11T20:10:43","guid":{"rendered":"http:\/\/virginie-vallet-socio-coiffeuse.fr\/?page_id=359"},"modified":"2025-07-28T19:58:52","modified_gmt":"2025-07-28T17:58:52","slug":"prestations","status":"publish","type":"page","link":"https:\/\/virginie-vallet-socio-coiffeuse.fr\/?page_id=359","title":{"rendered":"Prestations"},"content":{"rendered":"\t\t<div data-elementor-type=\"wp-page\" data-elementor-id=\"359\" class=\"elementor elementor-359\">\n\t\t\t\t\t\t<section class=\"elementor-section elementor-top-section elementor-element elementor-element-ab1b067 elementor-section-boxed elementor-section-height-default elementor-section-height-default\" data-id=\"ab1b067\" data-element_type=\"section\" data-e-type=\"section\">\n\t\t\t\t\t\t<div class=\"elementor-container elementor-column-gap-default\">\n\t\t\t\t\t<div class=\"elementor-column elementor-col-100 elementor-top-column elementor-element elementor-element-d9a3f69\" data-id=\"d9a3f69\" data-element_type=\"column\" data-e-type=\"column\">\n\t\t\t<div class=\"elementor-widget-wrap elementor-element-populated\">\n\t\t\t\t\t\t<div class=\"elementor-element elementor-element-dc7d1d5 elementor-widget elementor-widget-heading\" data-id=\"dc7d1d5\" data-element_type=\"widget\" data-e-type=\"widget\" data-widget_type=\"heading.default\">\n\t\t\t\t<div class=\"elementor-widget-container\">\n\t\t\t\t\t<h2 class=\"elementor-heading-title elementor-size-default\">Virginie Vallet Socio coiffeuse<\/h2>\t\t\t\t<\/div>\n\t\t\t\t<\/div>\n\t\t\t\t<section class=\"elementor-section elementor-inner-section elementor-element elementor-element-37bcdea elementor-section-boxed elementor-section-height-default elementor-section-height-default\" data-id=\"37bcdea\" data-element_type=\"section\" data-e-type=\"section\">\n\t\t\t\t\t\t<div class=\"elementor-container elementor-column-gap-default\">\n\t\t\t\t\t<div class=\"elementor-column elementor-col-50 elementor-inner-column elementor-element elementor-element-92a95d2\" data-id=\"92a95d2\" data-element_type=\"column\" data-e-type=\"column\">\n\t\t\t<div class=\"elementor-widget-wrap elementor-element-populated\">\n\t\t\t\t\t\t<div class=\"elementor-element elementor-element-7b00e6c elementor-widget elementor-widget-heading\" data-id=\"7b00e6c\" data-element_type=\"widget\" data-e-type=\"widget\" data-widget_type=\"heading.default\">\n\t\t\t\t<div class=\"elementor-widget-container\">\n\t\t\t\t\t<h2 class=\"elementor-heading-title elementor-size-large\"><a href=\"http:\/\/virginie-vallet-socio-coiffeuse.fr\/?page_id=359\">Prestations<\/a><\/h2>\t\t\t\t<\/div>\n\t\t\t\t<\/div>\n\t\t\t\t\t<\/div>\n\t\t<\/div>\n\t\t\t\t<div class=\"elementor-column elementor-col-50 elementor-inner-column elementor-element elementor-element-58462a7\" data-id=\"58462a7\" data-element_type=\"column\" data-e-type=\"column\">\n\t\t\t<div class=\"elementor-widget-wrap elementor-element-populated\">\n\t\t\t\t\t\t<div class=\"elementor-element elementor-element-4704f72 elementor-widget elementor-widget-heading\" data-id=\"4704f72\" data-element_type=\"widget\" data-e-type=\"widget\" data-widget_type=\"heading.default\">\n\t\t\t\t<div class=\"elementor-widget-container\">\n\t\t\t\t\t<h2 class=\"elementor-heading-title elementor-size-large\"><a href=\"http:\/\/virginie-vallet-socio-coiffeuse.fr\/?page_id=259\">Proth\u00e8ses capillaires<\/a><\/h2>\t\t\t\t<\/div>\n\t\t\t\t<\/div>\n\t\t\t\t\t<\/div>\n\t\t<\/div>\n\t\t\t\t\t<\/div>\n\t\t<\/section>\n\t\t\t\t\t<\/div>\n\t\t<\/div>\n\t\t\t\t\t<\/div>\n\t\t<\/section>\n\t\t\t\t<section class=\"elementor-section elementor-top-section elementor-element elementor-element-e55acdd elementor-section-boxed elementor-section-height-default elementor-section-height-default\" data-id=\"e55acdd\" data-element_type=\"section\" data-e-type=\"section\">\n\t\t\t\t\t\t<div class=\"elementor-container elementor-column-gap-default\">\n\t\t\t\t\t<div class=\"elementor-column elementor-col-100 elementor-top-column elementor-element elementor-element-fb75a48\" data-id=\"fb75a48\" data-element_type=\"column\" data-e-type=\"column\">\n\t\t\t<div class=\"elementor-widget-wrap elementor-element-populated\">\n\t\t\t\t\t\t<div class=\"elementor-element elementor-element-adff765 animated-slow elementor-invisible elementor-widget elementor-widget-text-editor\" data-id=\"adff765\" data-element_type=\"widget\" data-e-type=\"widget\" data-settings=\"{&quot;_animation&quot;:&quot;fadeInLeft&quot;}\" data-widget_type=\"text-editor.default\">\n\t\t\t\t<div class=\"elementor-widget-container\">\n\t\t\t\t\t\t\t\t\t<p><b><i>Capiluve <\/i><\/b>( shampoing au lit )\u00a0<\/p><p>Coupe brushing femme ( fauteuil ou lit )<\/p><p><span style=\"font-size: inherit; text-align: inherit; color: var( --e-global-color-text ); font-family: var( --e-global-typography-text-font-family ), Sans-serif; letter-spacing: -0.015em;\">Coupe homme \/ enfant ( fauteuil ou lit )<\/span><\/p><p><span style=\"font-size: inherit; text-align: inherit; color: var( --e-global-color-text ); font-family: var( --e-global-typography-text-font-family ), Sans-serif; letter-spacing: -0.015em;\">\u00a0<\/span><\/p><p>Coloration d&rsquo;oxydation <strong>organique<\/strong>\u00a0<\/p><p>Mivi Vague (permanente)<\/p><p><b><i>modelage cr\u00e2nien <\/i><\/b><\/p><p>Soin du cheveu et du cuir chevelu<\/p><p>\u00a0<\/p><p><b><i>Animation d\u2019atelier <\/i><\/b><\/p><p>Individuel<\/p><p>collectif<\/p><p>\u00a0<\/p><p><b><i>Proth\u00e9siste capillaire<\/i><\/b><\/p><p>Agr\u00e9\u00e9e par la Caisse Primaire d\u2019Assurance Maladie\u00a0<\/p>\t\t\t\t\t\t\t\t<\/div>\n\t\t\t\t<\/div>\n\t\t\t\t\t<\/div>\n\t\t<\/div>\n\t\t\t\t\t<\/div>\n\t\t<\/section>\n\t\t\t\t<section class=\"elementor-section elementor-top-section elementor-element elementor-element-c2cc517 elementor-section-boxed elementor-section-height-default elementor-section-height-default\" data-id=\"c2cc517\" data-element_type=\"section\" data-e-type=\"section\">\n\t\t\t\t\t\t<div class=\"elementor-container elementor-column-gap-default\">\n\t\t\t\t\t<div class=\"elementor-column elementor-col-100 elementor-top-column elementor-element elementor-element-988b257\" data-id=\"988b257\" data-element_type=\"column\" data-e-type=\"column\">\n\t\t\t<div class=\"elementor-widget-wrap elementor-element-populated\">\n\t\t\t\t\t\t<div class=\"elementor-element elementor-element-211b798 animated-slow elementor-invisible elementor-widget elementor-widget-image\" data-id=\"211b798\" data-element_type=\"widget\" data-e-type=\"widget\" data-settings=\"{&quot;_animation&quot;:&quot;fadeInDown&quot;,&quot;_animation_delay&quot;:200}\" data-widget_type=\"image.default\">\n\t\t\t\t<div class=\"elementor-widget-container\">\n\t\t\t\t\t\t\t\t\t\t\t\t\t\t\t<img fetchpriority=\"high\" decoding=\"async\" width=\"445\" height=\"254\" src=\"https:\/\/virginie-vallet-socio-coiffeuse.fr\/wp-content\/uploads\/2020\/11\/Capture-decran-2020-11-20-a-13.38.09.png\" class=\"attachment-large size-large wp-image-494\" alt=\"\" srcset=\"https:\/\/virginie-vallet-socio-coiffeuse.fr\/wp-content\/uploads\/2020\/11\/Capture-decran-2020-11-20-a-13.38.09.png 445w, https:\/\/virginie-vallet-socio-coiffeuse.fr\/wp-content\/uploads\/2020\/11\/Capture-decran-2020-11-20-a-13.38.09-300x171.png 300w\" sizes=\"(max-width: 445px) 100vw, 445px\" \/>\t\t\t\t\t\t\t\t\t\t\t\t\t\t\t<\/div>\n\t\t\t\t<\/div>\n\t\t\t\t\t<\/div>\n\t\t<\/div>\n\t\t\t\t\t<\/div>\n\t\t<\/section>\n\t\t\t\t<\/div>\n\t\t","protected":false},"excerpt":{"rendered":"<p>Virginie Vallet Socio coiffeuse Prestations Proth\u00e8ses capillaires Capiluve ( shampoing au lit )\u00a0 Coupe brushing femme ( fauteuil ou lit ) Coupe homme \/ enfant ( fauteuil ou lit ) \u00a0 Coloration d&rsquo;oxydation organique\u00a0 Mivi Vague (permanente) modelage cr\u00e2nien Soin du cheveu et du cuir chevelu \u00a0 Animation d\u2019atelier Individuel collectif \u00a0 Proth\u00e9siste capillaire Agr\u00e9\u00e9e [&hellip;]<\/p>\n","protected":false},"author":1,"featured_media":0,"parent":0,"menu_order":0,"comment_status":"closed","ping_status":"closed","template":"elementor_canvas","meta":{"footnotes":""},"class_list":["post-359","page","type-page","status-publish","hentry"],"yoast_head":"<!-- This site is optimized with the Yoast SEO plugin v26.9 - https:\/\/yoast.com\/product\/yoast-seo-wordpress\/ -->\n<title>Prestations - Virginie Vallet Socio Coiffeuse<\/title>\n<meta name=\"robots\" content=\"index, follow, max-snippet:-1, max-image-preview:large, max-video-preview:-1\" \/>\n<link rel=\"canonical\" href=\"https:\/\/virginie-vallet-socio-coiffeuse.fr\/?page_id=359\" \/>\n<meta property=\"og:locale\" content=\"fr_FR\" \/>\n<meta property=\"og:type\" content=\"article\" \/>\n<meta property=\"og:title\" content=\"Prestations - Virginie Vallet Socio Coiffeuse\" \/>\n<meta property=\"og:description\" content=\"Virginie Vallet Socio coiffeuse Prestations Proth\u00e8ses capillaires Capiluve ( shampoing au lit )\u00a0 Coupe brushing femme ( fauteuil ou lit ) Coupe homme \/ enfant ( fauteuil ou lit ) \u00a0 Coloration d&rsquo;oxydation organique\u00a0 Mivi Vague (permanente) modelage cr\u00e2nien Soin du cheveu et du cuir chevelu \u00a0 Animation d\u2019atelier Individuel collectif \u00a0 Proth\u00e9siste capillaire Agr\u00e9\u00e9e [&hellip;]\" \/>\n<meta property=\"og:url\" content=\"https:\/\/virginie-vallet-socio-coiffeuse.fr\/?page_id=359\" \/>\n<meta property=\"og:site_name\" content=\"Virginie Vallet Socio Coiffeuse\" \/>\n<meta property=\"article:publisher\" content=\"https:\/\/www.facebook.com\/lafee.decoiffe\" \/>\n<meta property=\"article:modified_time\" content=\"2025-07-28T17:58:52+00:00\" \/>\n<meta property=\"og:image\" content=\"http:\/\/virginie-vallet-socio-coiffeuse.fr\/wp-content\/uploads\/2020\/11\/Capture-decran-2020-11-20-a-13.38.09.png\" \/>\n<meta name=\"twitter:card\" content=\"summary_large_image\" \/>\n<script type=\"application\/ld+json\" class=\"yoast-schema-graph\">{\"@context\":\"https:\/\/schema.org\",\"@graph\":[{\"@type\":\"WebPage\",\"@id\":\"https:\/\/virginie-vallet-socio-coiffeuse.fr\/?page_id=359\",\"url\":\"https:\/\/virginie-vallet-socio-coiffeuse.fr\/?page_id=359\",\"name\":\"Prestations - Virginie Vallet Socio Coiffeuse\",\"isPartOf\":{\"@id\":\"https:\/\/virginie-vallet-socio-coiffeuse.fr\/#website\"},\"primaryImageOfPage\":{\"@id\":\"https:\/\/virginie-vallet-socio-coiffeuse.fr\/?page_id=359#primaryimage\"},\"image\":{\"@id\":\"https:\/\/virginie-vallet-socio-coiffeuse.fr\/?page_id=359#primaryimage\"},\"thumbnailUrl\":\"http:\/\/virginie-vallet-socio-coiffeuse.fr\/wp-content\/uploads\/2020\/11\/Capture-decran-2020-11-20-a-13.38.09.png\",\"datePublished\":\"2020-11-11T20:10:43+00:00\",\"dateModified\":\"2025-07-28T17:58:52+00:00\",\"breadcrumb\":{\"@id\":\"https:\/\/virginie-vallet-socio-coiffeuse.fr\/?page_id=359#breadcrumb\"},\"inLanguage\":\"fr-FR\",\"potentialAction\":[{\"@type\":\"ReadAction\",\"target\":[\"https:\/\/virginie-vallet-socio-coiffeuse.fr\/?page_id=359\"]}]},{\"@type\":\"ImageObject\",\"inLanguage\":\"fr-FR\",\"@id\":\"https:\/\/virginie-vallet-socio-coiffeuse.fr\/?page_id=359#primaryimage\",\"url\":\"https:\/\/virginie-vallet-socio-coiffeuse.fr\/wp-content\/uploads\/2020\/11\/Capture-decran-2020-11-20-a-13.38.09.png\",\"contentUrl\":\"https:\/\/virginie-vallet-socio-coiffeuse.fr\/wp-content\/uploads\/2020\/11\/Capture-decran-2020-11-20-a-13.38.09.png\",\"width\":445,\"height\":254},{\"@type\":\"BreadcrumbList\",\"@id\":\"https:\/\/virginie-vallet-socio-coiffeuse.fr\/?page_id=359#breadcrumb\",\"itemListElement\":[{\"@type\":\"ListItem\",\"position\":1,\"name\":\"Accueil\",\"item\":\"https:\/\/virginie-vallet-socio-coiffeuse.fr\/\"},{\"@type\":\"ListItem\",\"position\":2,\"name\":\"Prestations\"}]},{\"@type\":\"WebSite\",\"@id\":\"https:\/\/virginie-vallet-socio-coiffeuse.fr\/#website\",\"url\":\"https:\/\/virginie-vallet-socio-coiffeuse.fr\/\",\"name\":\"Virginie Vallet Socio Coiffeuse\",\"description\":\"Une prestation privil\u00e9gi\u00e9e dans le bien \u00eatre et la bienveillance,  sans stress ni contrainte.\",\"publisher\":{\"@id\":\"https:\/\/virginie-vallet-socio-coiffeuse.fr\/#organization\"},\"potentialAction\":[{\"@type\":\"SearchAction\",\"target\":{\"@type\":\"EntryPoint\",\"urlTemplate\":\"https:\/\/virginie-vallet-socio-coiffeuse.fr\/?s={search_term_string}\"},\"query-input\":{\"@type\":\"PropertyValueSpecification\",\"valueRequired\":true,\"valueName\":\"search_term_string\"}}],\"inLanguage\":\"fr-FR\"},{\"@type\":\"Organization\",\"@id\":\"https:\/\/virginie-vallet-socio-coiffeuse.fr\/#organization\",\"name\":\"Virginie Vallet Socio Coiffeuse\",\"url\":\"https:\/\/virginie-vallet-socio-coiffeuse.fr\/\",\"logo\":{\"@type\":\"ImageObject\",\"inLanguage\":\"fr-FR\",\"@id\":\"https:\/\/virginie-vallet-socio-coiffeuse.fr\/#\/schema\/logo\/image\/\",\"url\":\"https:\/\/virginie-vallet-socio-coiffeuse.fr\/wp-content\/uploads\/2020\/11\/D3B08CDD-406F-4CB5-ACF1-D13CFA18011F.png\",\"contentUrl\":\"https:\/\/virginie-vallet-socio-coiffeuse.fr\/wp-content\/uploads\/2020\/11\/D3B08CDD-406F-4CB5-ACF1-D13CFA18011F.png\",\"width\":2325,\"height\":1519,\"caption\":\"Virginie Vallet Socio Coiffeuse\"},\"image\":{\"@id\":\"https:\/\/virginie-vallet-socio-coiffeuse.fr\/#\/schema\/logo\/image\/\"},\"sameAs\":[\"https:\/\/www.facebook.com\/lafee.decoiffe\"]}]}<\/script>\n<!-- \/ Yoast SEO plugin. -->","yoast_head_json":{"title":"Prestations - Virginie Vallet Socio Coiffeuse","robots":{"index":"index","follow":"follow","max-snippet":"max-snippet:-1","max-image-preview":"max-image-preview:large","max-video-preview":"max-video-preview:-1"},"canonical":"https:\/\/virginie-vallet-socio-coiffeuse.fr\/?page_id=359","og_locale":"fr_FR","og_type":"article","og_title":"Prestations - Virginie Vallet Socio Coiffeuse","og_description":"Virginie Vallet Socio coiffeuse Prestations Proth\u00e8ses capillaires Capiluve ( shampoing au lit )\u00a0 Coupe brushing femme ( fauteuil ou lit ) Coupe homme \/ enfant ( fauteuil ou lit ) \u00a0 Coloration d&rsquo;oxydation organique\u00a0 Mivi Vague (permanente) modelage cr\u00e2nien Soin du cheveu et du cuir chevelu \u00a0 Animation d\u2019atelier Individuel collectif \u00a0 Proth\u00e9siste capillaire Agr\u00e9\u00e9e [&hellip;]","og_url":"https:\/\/virginie-vallet-socio-coiffeuse.fr\/?page_id=359","og_site_name":"Virginie Vallet Socio Coiffeuse","article_publisher":"https:\/\/www.facebook.com\/lafee.decoiffe","article_modified_time":"2025-07-28T17:58:52+00:00","og_image":[{"url":"http:\/\/virginie-vallet-socio-coiffeuse.fr\/wp-content\/uploads\/2020\/11\/Capture-decran-2020-11-20-a-13.38.09.png","type":"","width":"","height":""}],"twitter_card":"summary_large_image","schema":{"@context":"https:\/\/schema.org","@graph":[{"@type":"WebPage","@id":"https:\/\/virginie-vallet-socio-coiffeuse.fr\/?page_id=359","url":"https:\/\/virginie-vallet-socio-coiffeuse.fr\/?page_id=359","name":"Prestations - Virginie Vallet Socio Coiffeuse","isPartOf":{"@id":"https:\/\/virginie-vallet-socio-coiffeuse.fr\/#website"},"primaryImageOfPage":{"@id":"https:\/\/virginie-vallet-socio-coiffeuse.fr\/?page_id=359#primaryimage"},"image":{"@id":"https:\/\/virginie-vallet-socio-coiffeuse.fr\/?page_id=359#primaryimage"},"thumbnailUrl":"http:\/\/virginie-vallet-socio-coiffeuse.fr\/wp-content\/uploads\/2020\/11\/Capture-decran-2020-11-20-a-13.38.09.png","datePublished":"2020-11-11T20:10:43+00:00","dateModified":"2025-07-28T17:58:52+00:00","breadcrumb":{"@id":"https:\/\/virginie-vallet-socio-coiffeuse.fr\/?page_id=359#breadcrumb"},"inLanguage":"fr-FR","potentialAction":[{"@type":"ReadAction","target":["https:\/\/virginie-vallet-socio-coiffeuse.fr\/?page_id=359"]}]},{"@type":"ImageObject","inLanguage":"fr-FR","@id":"https:\/\/virginie-vallet-socio-coiffeuse.fr\/?page_id=359#primaryimage","url":"https:\/\/virginie-vallet-socio-coiffeuse.fr\/wp-content\/uploads\/2020\/11\/Capture-decran-2020-11-20-a-13.38.09.png","contentUrl":"https:\/\/virginie-vallet-socio-coiffeuse.fr\/wp-content\/uploads\/2020\/11\/Capture-decran-2020-11-20-a-13.38.09.png","width":445,"height":254},{"@type":"BreadcrumbList","@id":"https:\/\/virginie-vallet-socio-coiffeuse.fr\/?page_id=359#breadcrumb","itemListElement":[{"@type":"ListItem","position":1,"name":"Accueil","item":"https:\/\/virginie-vallet-socio-coiffeuse.fr\/"},{"@type":"ListItem","position":2,"name":"Prestations"}]},{"@type":"WebSite","@id":"https:\/\/virginie-vallet-socio-coiffeuse.fr\/#website","url":"https:\/\/virginie-vallet-socio-coiffeuse.fr\/","name":"Virginie Vallet Socio Coiffeuse","description":"Une prestation privil\u00e9gi\u00e9e dans le bien \u00eatre et la bienveillance,  sans stress ni contrainte.","publisher":{"@id":"https:\/\/virginie-vallet-socio-coiffeuse.fr\/#organization"},"potentialAction":[{"@type":"SearchAction","target":{"@type":"EntryPoint","urlTemplate":"https:\/\/virginie-vallet-socio-coiffeuse.fr\/?s={search_term_string}"},"query-input":{"@type":"PropertyValueSpecification","valueRequired":true,"valueName":"search_term_string"}}],"inLanguage":"fr-FR"},{"@type":"Organization","@id":"https:\/\/virginie-vallet-socio-coiffeuse.fr\/#organization","name":"Virginie Vallet Socio Coiffeuse","url":"https:\/\/virginie-vallet-socio-coiffeuse.fr\/","logo":{"@type":"ImageObject","inLanguage":"fr-FR","@id":"https:\/\/virginie-vallet-socio-coiffeuse.fr\/#\/schema\/logo\/image\/","url":"https:\/\/virginie-vallet-socio-coiffeuse.fr\/wp-content\/uploads\/2020\/11\/D3B08CDD-406F-4CB5-ACF1-D13CFA18011F.png","contentUrl":"https:\/\/virginie-vallet-socio-coiffeuse.fr\/wp-content\/uploads\/2020\/11\/D3B08CDD-406F-4CB5-ACF1-D13CFA18011F.png","width":2325,"height":1519,"caption":"Virginie Vallet Socio Coiffeuse"},"image":{"@id":"https:\/\/virginie-vallet-socio-coiffeuse.fr\/#\/schema\/logo\/image\/"},"sameAs":["https:\/\/www.facebook.com\/lafee.decoiffe"]}]}},"_links":{"self":[{"href":"https:\/\/virginie-vallet-socio-coiffeuse.fr\/index.php?rest_route=\/wp\/v2\/pages\/359","targetHints":{"allow":["GET"]}}],"collection":[{"href":"https:\/\/virginie-vallet-socio-coiffeuse.fr\/index.php?rest_route=\/wp\/v2\/pages"}],"about":[{"href":"https:\/\/virginie-vallet-socio-coiffeuse.fr\/index.php?rest_route=\/wp\/v2\/types\/page"}],"author":[{"embeddable":true,"href":"https:\/\/virginie-vallet-socio-coiffeuse.fr\/index.php?rest_route=\/wp\/v2\/users\/1"}],"replies":[{"embeddable":true,"href":"https:\/\/virginie-vallet-socio-coiffeuse.fr\/index.php?rest_route=%2Fwp%2Fv2%2Fcomments&post=359"}],"version-history":[{"count":17,"href":"https:\/\/virginie-vallet-socio-coiffeuse.fr\/index.php?rest_route=\/wp\/v2\/pages\/359\/revisions"}],"predecessor-version":[{"id":741,"href":"https:\/\/virginie-vallet-socio-coiffeuse.fr\/index.php?rest_route=\/wp\/v2\/pages\/359\/revisions\/741"}],"wp:attachment":[{"href":"https:\/\/virginie-vallet-socio-coiffeuse.fr\/index.php?rest_route=%2Fwp%2Fv2%2Fmedia&parent=359"}],"curies":[{"name":"wp","href":"https:\/\/api.w.org\/{rel}","templated":true}]}}